{"id":94,"date":"2016-11-22T23:42:17","date_gmt":"2016-11-22T21:42:17","guid":{"rendered":"http:\/\/anantayoga.fr\/?page_id=94"},"modified":"2020-12-21T16:21:22","modified_gmt":"2020-12-21T14:21:22","slug":"yoga-en-entreprise","status":"publish","type":"page","link":"https:\/\/anantayoga.fr\/index.php\/les-cours\/yoga-en-entreprise\/","title":{"rendered":"yoga en entreprise"},"content":{"rendered":"\n<p class=\"wp-block-paragraph\">Offrez \u00e0 vos collaborateurs un moment de d\u00e9tente, avant de commencer la journ\u00e9e ou \u00e0 la pause d\u00e9jeuner pour une Meilleure Qualit\u00e9 de Vie au Travail.<\/p>\n\n\n\n<p class=\"wp-block-paragraph\">Un cours de yoga permet de retrouver un espace pour soi, pour respirer, adresser les tensions cr\u00e9\u00e9es par les postures de travail et se ressourcer en bien \u00eatre.<\/p>\n\n\n\n<p class=\"wp-block-paragraph\">Favorisant la concentration et la confiance en soi, les cours de yoga hebdomadaires permettront \u00e0 vos collaborateurs d&rsquo;appr\u00e9cier cet espace particulier et regagner en motivation.<\/p>\n\n\n\n<p class=\"wp-block-paragraph\"><a href=\"http:\/\/anantayoga.fr\/index.php\/contact\/\" target=\"_blank\" rel=\"noopener noreferrer\">Contactez-moi<\/a> pour plus d&rsquo;informations sur les offres CE (s\u00e9ance sur votre lieu de travail, s\u00e9minaire, r\u00e9duction sur les abonnements).<\/p>\n","protected":false},"excerpt":{"rendered":"<p>Offrez \u00e0 vos collaborateurs un moment de d\u00e9tente, avant de commencer la journ\u00e9e ou \u00e0 la pause d\u00e9jeuner pour une Meilleure Qualit\u00e9 de Vie au Travail. Un cours de yoga permet de retrouver un espace pour soi, pour respirer, adresser les tensions cr\u00e9\u00e9es par les postures de travail et se ressourcer en bien \u00eatre. Favorisant [&hellip;]<\/p>\n","protected":false},"author":1,"featured_media":257,"parent":26,"menu_order":5,"comment_status":"closed","ping_status":"closed","template":"","meta":{"_crdt_document":"","footnotes":""},"class_list":["post-94","page","type-page","status-publish","has-post-thumbnail","hentry"],"_links":{"self":[{"href":"https:\/\/anantayoga.fr\/index.php\/wp-json\/wp\/v2\/pages\/94","targetHints":{"allow":["GET"]}}],"collection":[{"href":"https:\/\/anantayoga.fr\/index.php\/wp-json\/wp\/v2\/pages"}],"about":[{"href":"https:\/\/anantayoga.fr\/index.php\/wp-json\/wp\/v2\/types\/page"}],"author":[{"embeddable":true,"href":"https:\/\/anantayoga.fr\/index.php\/wp-json\/wp\/v2\/users\/1"}],"replies":[{"embeddable":true,"href":"https:\/\/anantayoga.fr\/index.php\/wp-json\/wp\/v2\/comments?post=94"}],"version-history":[{"count":3,"href":"https:\/\/anantayoga.fr\/index.php\/wp-json\/wp\/v2\/pages\/94\/revisions"}],"predecessor-version":[{"id":1879,"href":"https:\/\/anantayoga.fr\/index.php\/wp-json\/wp\/v2\/pages\/94\/revisions\/1879"}],"up":[{"embeddable":true,"href":"https:\/\/anantayoga.fr\/index.php\/wp-json\/wp\/v2\/pages\/26"}],"wp:featuredmedia":[{"embeddable":true,"href":"https:\/\/anantayoga.fr\/index.php\/wp-json\/wp\/v2\/media\/257"}],"wp:attachment":[{"href":"https:\/\/anantayoga.fr\/index.php\/wp-json\/wp\/v2\/media?parent=94"}],"curies":[{"name":"wp","href":"https:\/\/api.w.org\/{rel}","templated":true}]}}