{"id":673,"date":"2018-07-02T11:14:48","date_gmt":"2018-07-02T09:14:48","guid":{"rendered":"http:\/\/anantayoga.fr\/?page_id=673"},"modified":"2024-06-28T17:10:04","modified_gmt":"2024-06-28T15:10:04","slug":"cours-particuliers","status":"publish","type":"page","link":"https:\/\/anantayoga.fr\/index.php\/les-cours\/cours-particuliers\/","title":{"rendered":"cours particuliers"},"content":{"rendered":"\n<p class=\"wp-block-paragraph\">Je vous propose des cours en individuel : en pr\u00e9sentiel ou sur la plateforme zoom. <br><br>Si vous \u00eates int\u00e9ress\u00e9.e, n&rsquo;h\u00e9sitez pas \u00e0 <a rel=\"noreferrer noopener\" aria-label=\"me contacter. (s\u2019ouvre dans un nouvel onglet)\" href=\"http:\/\/anantayoga.fr\/index.php\/contact\/\" target=\"_blank\">me contacter.<\/a> <\/p>\n\n\n\n<h2 class=\"wp-block-heading\">Pour quoi un cours particulier?<\/h2>\n\n\n\n<ul class=\"wp-block-list\">\n<li>\u00a0pour r\u00e9pondre \u00e0 des questions que vous vous posez sur votre pratique<\/li>\n\n\n\n<li>pour aborder un th\u00e8me particulier (respiration, adapter des mouvements \u00e0 votre cas personnel, posture sp\u00e9cifique en profondeur&#8230;)<\/li>\n\n\n\n<li>pour vous aider \u00e0 approfondir votre pratique et que vous puissiez gagner en autonomie<\/li>\n\n\n\n<li>en compl\u00e9ment ou \u00e0 la place des cours collectifs<\/li>\n\n\n\n<li>pour une adaptabilit\u00e9 \u00e0 vos contraintes d&rsquo;horaire<\/li>\n<\/ul>\n\n\n\n<p class=\"wp-block-paragraph\"><a href=\"http:\/\/anantayoga.fr\/index.php\/contact\/\">Contactez-moi<\/a> pour les tarifs selon votre lieu de domicile et besoins particuliers.<br><br>***tout cours particulier annul\u00e9 moins de 24h \u00e0 l&rsquo;avance est d\u00fb.***<\/p>\n","protected":false},"excerpt":{"rendered":"<p>Je vous propose des cours en individuel : en pr\u00e9sentiel ou sur la plateforme zoom. Si vous \u00eates int\u00e9ress\u00e9.e, n&rsquo;h\u00e9sitez pas \u00e0 me contacter. Pour quoi un cours particulier? Contactez-moi pour les tarifs selon votre lieu de domicile et besoins particuliers. ***tout cours particulier annul\u00e9 moins de 24h \u00e0 l&rsquo;avance est d\u00fb.***<\/p>\n","protected":false},"author":1,"featured_media":672,"parent":26,"menu_order":3,"comment_status":"closed","ping_status":"closed","template":"","meta":{"_crdt_document":"","footnotes":""},"class_list":["post-673","page","type-page","status-publish","has-post-thumbnail","hentry"],"_links":{"self":[{"href":"https:\/\/anantayoga.fr\/index.php\/wp-json\/wp\/v2\/pages\/673","targetHints":{"allow":["GET"]}}],"collection":[{"href":"https:\/\/anantayoga.fr\/index.php\/wp-json\/wp\/v2\/pages"}],"about":[{"href":"https:\/\/anantayoga.fr\/index.php\/wp-json\/wp\/v2\/types\/page"}],"author":[{"embeddable":true,"href":"https:\/\/anantayoga.fr\/index.php\/wp-json\/wp\/v2\/users\/1"}],"replies":[{"embeddable":true,"href":"https:\/\/anantayoga.fr\/index.php\/wp-json\/wp\/v2\/comments?post=673"}],"version-history":[{"count":13,"href":"https:\/\/anantayoga.fr\/index.php\/wp-json\/wp\/v2\/pages\/673\/revisions"}],"predecessor-version":[{"id":3222,"href":"https:\/\/anantayoga.fr\/index.php\/wp-json\/wp\/v2\/pages\/673\/revisions\/3222"}],"up":[{"embeddable":true,"href":"https:\/\/anantayoga.fr\/index.php\/wp-json\/wp\/v2\/pages\/26"}],"wp:featuredmedia":[{"embeddable":true,"href":"https:\/\/anantayoga.fr\/index.php\/wp-json\/wp\/v2\/media\/672"}],"wp:attachment":[{"href":"https:\/\/anantayoga.fr\/index.php\/wp-json\/wp\/v2\/media?parent=673"}],"curies":[{"name":"wp","href":"https:\/\/api.w.org\/{rel}","templated":true}]}}