{"id":2991,"date":"2023-08-29T14:48:06","date_gmt":"2023-08-29T12:48:06","guid":{"rendered":"https:\/\/anantayoga.fr\/?page_id=2991"},"modified":"2025-07-04T16:46:48","modified_gmt":"2025-07-04T14:46:48","slug":"cgv-et-reglement-interieur","status":"publish","type":"page","link":"https:\/\/anantayoga.fr\/index.php\/cgv-et-reglement-interieur\/","title":{"rendered":"CGV et R\u00e8glement Int\u00e9rieur"},"content":{"rendered":"\n<h4 class=\"wp-block-heading\">E.I. Emiliana Gil Ocanto \/ 3 impasse de l\u2019Egalit\u00e9 \/ 32000 AUCH<br>SIRET 84243633900027<\/h4>\n\n\n\n<h3 class=\"wp-block-heading\"><strong>Planning<\/strong><\/h3>\n\n\n\n<p class=\"wp-block-paragraph\">Le planning des cours collectifs est susceptible d\u2019\u00eatre modifi\u00e9 en cours d\u2019ann\u00e9e, auquel cas les abonn\u00e9.es seront inform\u00e9.es par mail et par affichage.Les cours collectifs sont maintenus \u00e0 partir de 3 inscriptions. Ils sont annul\u00e9s si moins de participant.es.Les cours collectifs s\u2019adressent \u00e0 des personnes majeures, mais il est possible de s\u2019inscrire \u00e0 partir de 12 ans, apr\u00e8s validation par Ananta Yoga et sous r\u00e9serve que cela ne perturbe pas le d\u00e9roul\u00e9 des cours.<br><br>Pour la rentr\u00e9e 2025\/2026 l\u2019ann\u00e9e va du 8 septembre 2025 au 3 juillet 2026 inclus.<br>Les trimestres se divisent comme suit : Premier trimestre : du 8 septembre au 19 d\u00e9cembre 2025 \/ Second trimestre : du 5 janvier au 27 mars 2026 \/ Troisi\u00e8me trimestre : du 30 mars au 03 juillet 2026. <br><br>Pendant les vacances scolaires de la Toussaint, d&rsquo;Hiver et de Printemps, les cours seront assur\u00e9s une semaine sur deux. Les \u00e9l\u00e8ves seront notifi\u00e9s par mail, sms et affichage sur la semaine qui sera maintenue avec 1 mois d\u2019avance. Sont assur\u00e9es donc 38 semaines de cours.<br><br>Pas de cours aux vacances de No\u00ebl, jours f\u00e9ri\u00e9s et au Pont de l\u2019Ascension.<br>Je me garde la possibilit\u00e9 de faire une formation pendant l&rsquo;ann\u00e9e, qui pourrait entra\u00eener l&rsquo;annulation de certains cours, je ferai mon maximum pour proposer un remplacement.<\/p>\n\n\n\n<p class=\"wp-block-paragraph\">Le cours en ligne &#8211; replay, est enregistr\u00e9 et envoy\u00e9 en d\u00e9but de semaine et reste accessible pendant 7 jours. Si pour des raisons ind\u00e9pendantes de notre volont\u00e9, le cours n\u2019a pas pu \u00eatre enregistr\u00e9 dans le temps, il sera envoy\u00e9 en d\u00e9calage, ou un prolongement de la validit\u00e9 du pr\u00e9c\u00e9dant cours sera propos\u00e9.<\/p>\n\n\n\n<p class=\"wp-block-paragraph\">Ananta Yoga propose r\u00e9guli\u00e8rement des ateliers et des stages qui sont annonc\u00e9s sur le site internet, la Newsletter, les r\u00e9seaux sociaux et par affichage en salle.<\/p>\n\n\n\n<h3 class=\"wp-block-heading\">Abonnements et Formules<\/h3>\n\n\n\n<p class=\"wp-block-paragraph\">Pour les cours collectifs Ananta Yoga propose plusieurs formules :<\/p>\n\n\n\n<p class=\"wp-block-paragraph\">A L\u2019ANN\u00c9E :<\/p>\n\n\n\n<ul class=\"wp-block-list\">\n<li>OPTION ANN\u00c9E 1 cours\/semaine<br>Cette option vous permet de vous inscrire \u00e0 l&rsquo;ann\u00e9e, assurant votre place \u00e0 1 cours collectif par semaine.<\/li>\n\n\n\n<li>OPTION ANN\u00c9E 2 cours\/semaine <br>Cette option vous permet de vous inscrire \u00e0 l&rsquo;ann\u00e9e, assurant votre place \u00e0 2 cours collectif par semaine.<\/li>\n\n\n\n<li>OPTION ANN\u00c9E+ONLINE 1 cours\/semaine + replay<br>Cette option vous permet de vous inscrire \u00e0 l&rsquo;ann\u00e9e, assurant votre place \u00e0 1 cours collectif par semaine plus acc\u00e8s au replay de la semaine.<\/li>\n\n\n\n<li>OPTION ANN\u00c9E+ONLINE 2 cours\/semaine + replay<br>Cette option vous permet de vous inscrire \u00e0 l&rsquo;ann\u00e9e, assurant votre place \u00e0 2 cours collectif par semaine plus acc\u00e8s au replay de la semaine.<\/li>\n<\/ul>\n\n\n\n<p class=\"wp-block-paragraph\">AU TRIMESTRE :<\/p>\n\n\n\n<ul class=\"wp-block-list\">\n<li>OPTION TRIMESTRE 1 cours\/semaine<\/li>\n\n\n\n<li>OPTION TRIMESTRE 2 cours\/semaine<\/li>\n\n\n\n<li>OPTION TRIMESTRE+ONLINE 1 cours\/semaine<\/li>\n\n\n\n<li>OPTION TRIMESTRE+ONLINE 2 cours\/semaine<\/li>\n<\/ul>\n\n\n\n<p class=\"wp-block-paragraph\">A LA CARTE :<\/p>\n\n\n\n<ul class=\"wp-block-list\">\n<li>OPTION S\u00c9CURIT\u00c9 \/ Carte de 10 cours \u2028Cette option vous permet de vous inscrire aux cours collectifs quand vous le souhaitez, maximum deux fois par semaine.<br>Carte valable six (6) mois apr\u00e8s la date d\u2019achat.<\/li>\n<\/ul>\n\n\n\n<p class=\"wp-block-paragraph\">MINIMAS SOCIAUX : Ananta Yoga propose une r\u00e9duction de 20% sur les abonnements sur pr\u00e9sentation d&rsquo;un justificatif de moins de 3 mois.<\/p>\n\n\n\n<p class=\"wp-block-paragraph\">YOGA PRE-POSTNANTAL \/ Carte de 10 cours 1 cours \u00e9gal 1 cours collectif de yoga pr\u00e9natal \/ 2 cours pour un atelier collectif de yoga postnatal<br>Carte valable un an \u00e0 partir de la date d&rsquo;achat.<\/p>\n\n\n\n<p class=\"wp-block-paragraph\">Un cours qui a \u00e9t\u00e9 r\u00e9serv\u00e9 et non annul\u00e9 au moins 3h en avance est d\u00fb.<\/p>\n\n\n\n<p class=\"wp-block-paragraph\">EXCLU EN LIGNE<\/p>\n\n\n\n<ul class=\"wp-block-list\">\n<li>OPTION 10 COURS \u2028Cette option vous permet de recevoir 10 replays, normalement sur 10 s\u00e9ances continues, mais il est possible de demander une suspension sur 1 ou 2 semaines.<\/li>\n<\/ul>\n\n\n\n<p class=\"wp-block-paragraph\">COURS A L\u2019UNIT\u00c9<\/p>\n\n\n\n<ul class=\"wp-block-list\">\n<li>Cours Collectif classique<\/li>\n\n\n\n<li>Cours Collectif Pr\u00e9natal \/ Postnatal<\/li>\n\n\n\n<li>Individuel<\/li>\n<\/ul>\n\n\n\n<p class=\"wp-block-paragraph\">ATELIERS ET AUTRES COURS<\/p>\n\n\n\n<p class=\"wp-block-paragraph\">Selon le type d&rsquo;atelier, le prix sera affich\u00e9 et communiqu\u00e9 pour l&rsquo;inscription.<br><br>Devis sur demande<\/p>\n\n\n\n<p class=\"wp-block-paragraph\">Ananta Yoga se r\u00e9serve le droit de modifier ses tarifs, auquel cas ces modifications seront appliqu\u00e9es pour tout nouvel abonnement ou r\u00e9-inscription.<\/p>\n\n\n\n<h3 class=\"wp-block-heading\">R\u00e8glement<\/h3>\n\n\n\n<p class=\"wp-block-paragraph\">Pour les cartes, ateliers et cours \u00e0 l\u2019unit\u00e9, le r\u00e8glement du montant total s\u2019effectue en une fois au plus tard le jour de la s\u00e9ance.<br>Pour les abonnements \u00e0 l\u2019ann\u00e9e, il est possible de r\u00e9gler en 3 fois maximum. Dans ce cas, l\u2019abonn\u00e9.e fournit les 3 ch\u00e8ques au moment de la prise de son abonnement et indique sa pr\u00e9f\u00e9rence des dates d\u2019encaissement \u00e0 Ananta Yoga, dont l\u2019\u00e9cart entre chaque encaissement ne peut d\u00e9passer chaque d\u00e9but de trimestre.<br>Une facture sera fournie sur simple demande de l\u2019abonn\u00e9.e au moment du r\u00e8glement.<\/p>\n\n\n\n<h3 class=\"wp-block-heading\">Engagement, report et r\u00e9siliation anticip\u00e9e<\/h3>\n\n\n\n<p class=\"wp-block-paragraph\">Tous les abonnements sont non remboursables et non transf\u00e9rables.<br>Sur pr\u00e9sentation d\u2019un certificat m\u00e9dical d\u2019inaptitude d\u2019une dur\u00e9e prolong\u00e9e de la pratique sportive dat\u00e9 de moins de 30 jours (grossesse, maladie prolong\u00e9e, accident), l\u2019abonn\u00e9.e pourra demander le remboursement de la partie de l\u2019abonnement correspondant \u00e0 la dur\u00e9e d\u2019absence.<br>La r\u00e9siliation anticip\u00e9e de l\u2019abonnement peut \u00eatre accept\u00e9e et accord\u00e9e par Ananta Yoga pour un d\u00e9m\u00e9nagement \u00e0 plus de 50 Km de la salle. La r\u00e9siliation sera effective d\u00e8s r\u00e9ception par Ananta Yoga de la demande par mail ou par courrier accompagn\u00e9e des pi\u00e8ces justificatives.<\/p>\n\n\n\n<h3 class=\"wp-block-heading\">R\u00e9servation et annulation<\/h3>\n\n\n\n<p class=\"wp-block-paragraph\">Ananta Yoga met tout en oeuvre pour satisfaire vos demandes d\u2019inscription, dans la limite des places disponibles.<br>La r\u00e9servation et annulation des cours se fait via la plateforme MySportSession en lien <a href=\"http:\/\/anantayoga.onmss.com\" target=\"_blank\" rel=\"noreferrer noopener\">ici<\/a>. Sauf en cas de force majeure, nous ne prenons aucune r\u00e9servation sur place. Si vous rencontrez la moindre difficult\u00e9 pour votre r\u00e9servation, n\u2019h\u00e9sitez pas \u00e0 nous contacter.<br>Les annulations sont possibles jusqu\u2019\u00e0 3h avant le d\u00e9but du cours. Cela permet \u00e0 une personne de prendre la place lib\u00e9r\u00e9e le cas \u00e9ch\u00e9ant.<br>Toute annulation moins de 3h avant le d\u00e9but de cours doit se faire par message SMS. Si l\u2019abonn\u00e9.e poss\u00e8de une carte, le cours est compt\u00e9 sur la carte. Si l\u2019abonn\u00e9.e a un abonnement illimit\u00e9 trimestre ou ann\u00e9e, on consid\u00e8re que c\u2019est une annulation tardive. Apr\u00e8s 3 annulations tardives, une p\u00e9nalit\u00e9 de 15 \u20ac sera appliqu\u00e9e.<\/p>\n\n\n\n<h3 class=\"wp-block-heading\">Acc\u00e8s et R\u00e8glement Int\u00e9rieur<\/h3>\n\n\n\n<ul class=\"wp-block-list\">\n<li>Il est possible d\u2019acc\u00e9der \u00e0 la salle d\u2019attente 15 minutes avant le d\u00e9but des cours. Si un cours a lieu, il est important de rester discret pour \u00e9viter le d\u00e9rangement sonore.<\/li>\n\n\n\n<li>Il est conseill\u00e9 d\u2019arriver avec au moins 5 minutes d\u2019avance pour pouvoir \u00eatre pr\u00eat.e au moment du d\u00e9but du cours.<\/li>\n\n\n\n<li>Nous vous conseillons de ne pas manger au moins 2h avant le d\u00e9but du cours. \u00c9galement de pr\u00e9voir une gourde avec de l\u2019eau. Il est interdit de manger dans la salle. Il est interdit de fumer et de consommer toute boisson alcoolis\u00e9e dans l\u2019enceinte de l\u2019\u00e9tablissement.<\/li>\n\n\n\n<li>Une fois dans la salle de pratique, merci de garder le silence. Vous pouvez en profiter pour faire des exercices de respiration ou vous allonger simplement quelques instants.<\/li>\n\n\n\n<li>Les s\u00e9ances d\u00e9butent \u00e0 l\u2019heure.<\/li>\n\n\n\n<li>Les chaussures sont \u00e0 laisser dans l\u2019espace d\u2019accueil, et la circulation se fait pieds nus ou en chaussettes. Il est interdit de porter des chaussures dans la salle de pratique.<\/li>\n\n\n\n<li>Pour le confort de tous.tes, il est important d\u2019avoir les pieds\/chaussettes propres. Une douche est accessible si besoin.<\/li>\n\n\n\n<li>Le t\u00e9l\u00e9phone et autres appareils connect\u00e9s doivent \u00eatre \u00e9teints ou en mode avion, ils doivent rester en dehors de la salle de pratique.<\/li>\n\n\n\n<li>L\u2019abonn\u00e9.e s\u2019engage \u00e0 porter des v\u00eatements adapt\u00e9s \u00e0 la pratique de yoga et \u00e0 avoir son mat\u00e9riel : tapis, briques, sangle, couverture et tout autre accessoire qui lui semblerait utile. Il est possible d\u2019emprunter du mat\u00e9riel dans la salle, dans ce cas du produit est disponible pour le nettoyer apr\u00e8s usage.<\/li>\n\n\n\n<li>Les lunettes sont \u00e0 ranger dans un \u00e9tui rigide de pr\u00e9f\u00e9rence lorsque vous les enlevez pendant le cours, pour \u00e9viter qu\u2019on ne marche dessus.<\/li>\n<\/ul>\n\n\n\n<p class=\"wp-block-paragraph\">Ananta Yoga se r\u00e9serve le droit d\u2019exclure des cours collectifs, par lettre motiv\u00e9e recommand\u00e9e avec accus\u00e9 de r\u00e9ception, toute personne dont l\u2019attitude, le comportement, les propos ou la tenue seraient contraires aux bonnes m\u0153urs, constituant un trouble \u00e0 l\u2019ordre public ou notoirement g\u00eanants pour les autres abonn\u00e9s. L\u2019abonn\u00e9.e mis\u00b7e en cause dispose d\u2019un droit de r\u00e9ponse, qu\u2019iel peut exercer par tous moyens, dans les 15 jours \u00e0 compter de la premi\u00e8re pr\u00e9sentation de la lettre recommand\u00e9e afin de faire valoir ses observations. Pass\u00e9 ce d\u00e9lai, sans retour de la part de l\u2019abonn\u00e9.e ou \u00e0 d\u00e9faut de justification probante, Ananta Yoga pourra r\u00e9silier l\u2019abonnement.<br><br>Les v\u00e9hicules particuliers doivent \u00eatre stationn\u00e9s conform\u00e9ment au Code de la Route, selon les signal\u00e9tiques verticales et horizontales. L\u2019abonn\u00e9.e ne devra pas stationner sur les parkings priv\u00e9s alentours.<br>Les personnes b\u00e9n\u00e9ficiant d\u2019une s\u00e9ance d\u2019essai sont \u00e9galement soumises au pr\u00e9sent R\u00e8glement int\u00e9rieur.<\/p>\n\n\n\n<h3 class=\"wp-block-heading\">Assurance et aptitude<\/h3>\n\n\n\n<p class=\"wp-block-paragraph\">Ananta Yoga est assur\u00e9e pour les dommages engageant sa responsabilit\u00e9 civile.<br>Ananta Yoga propose un programme avec des cours r\u00e9fl\u00e9chis, bienveillants et pr\u00e9par\u00e9s avec soin, avec un cadre clairement sp\u00e9cifi\u00e9. Ananta Yoga n&rsquo;est pas responsable pour toute blessure survenant pendant la pratique. En cas de doute veuillez consulter votre m\u00e9decin. Le certificat m\u00e9dical est obligatoire et valable 3 ans.<br>En cas d\u2019absence de certificat m\u00e9dical de non-contrindication \u00e0 la pratique de yoga, il est possible de signer une d\u00e9charge au moment de l\u2019inscription annuelle.<br>Les activit\u00e9s propos\u00e9es par Ananta Yoga ne peuvent en aucun cas se substituer \u00e0 un traitement m\u00e9dical prescrit, reconnu et dispens\u00e9 en France. Dans le cas de pathologies av\u00e9r\u00e9es, la pratique du yoga ne dispense pas de consulter un m\u00e9decin et peut \u00eatre contre-indiqu\u00e9e.<\/p>\n\n\n\n<p class=\"wp-block-paragraph\">L\u2019\u00e9l\u00e8ve s\u2019engage \u00e0 informer son professeur.e des soucis de sant\u00e9 qui n\u00e9cessitent un suivi m\u00e9dical, incluant les op\u00e9rations r\u00e9centes, contraintes articulaires s\u00e9v\u00e8res (ex : arthrose cervicale, p\u00e9riarthrite\u2026) ou autres difficult\u00e9s (sciatique, lumbago, insuffisance cardiaque ou respiratoire, pacemaker, hypertension, diab\u00e8te\u2026). Il s\u2019engage \u00e9galement \u00e0 informer son professeur.e de tout changement important dans sa situation de sant\u00e9. Ces informations resteront confidentielles et permettent au professeur.e d\u2019adapter la s\u00e9ance.&nbsp;<\/p>\n\n\n\n<p class=\"wp-block-paragraph\">L\u2019\u00e9l\u00e8ve qui est enceinte s\u2019engage \u00e0 signaler sa grossesse, d\u00e8s les premi\u00e8res semaines et le plus t\u00f4t possible.<\/p>\n\n\n\n<h3 class=\"wp-block-heading\">Autorisation parentale pour mineurs<\/h3>\n\n\n\n<p class=\"wp-block-paragraph\">Les mineurs doivent venir accompagn\u00e9s d\u2019un parent et ils doivent signer une autorisation parentale fournie par Ananta Yoga.<\/p>\n\n\n\n<h3 class=\"wp-block-heading\">Donn\u00e9es personnelles<\/h3>\n\n\n\n<p class=\"wp-block-paragraph\">Ananta Yoga collecte des donn\u00e9es personnelles uniquement \u00e0 usage interne et ne communique pas ces donn\u00e9es. En adh\u00e9rant \u00e0 ces conditions g\u00e9n\u00e9rales de vente, vous reconnaissez avoir pris connaissance de notre politique de protection des donn\u00e9es personnelles et consentez \u00e0 ce que nous collections et utilisions ces donn\u00e9es. Votre adresse email sera utilis\u00e9e pour vous faire part de nos informations via notre Newsletter Ananta Yoga environ 1 fois par mois. <br>Vous pouvez vous d\u00e9sinscrire \u00e0 tout instant. Il vous suffit pour cela de cliquer sur le lien pr\u00e9sent \u00e0 la fin de nos emails. Ce lien est indiqu\u00e9 par la mention \u201cVous d\u00e9sabonner&nbsp;\u00bb. <br>Ananta Yoga utilise le prestataire MySportSession pour la r\u00e9servation des cours, cette plateforme a ses CGU auxquelles vous adh\u00e9rez lorsque vous utilisez la plateforme.<\/p>\n","protected":false},"excerpt":{"rendered":"<p>E.I. Emiliana Gil Ocanto \/ 3 impasse de l\u2019Egalit\u00e9 \/ 32000 AUCHSIRET 84243633900027 Planning Le planning des cours collectifs est susceptible d\u2019\u00eatre modifi\u00e9 en cours d\u2019ann\u00e9e, auquel cas les abonn\u00e9.es seront inform\u00e9.es par mail et par affichage.Les cours collectifs sont maintenus \u00e0 partir de 3 inscriptions. Ils sont annul\u00e9s si moins de participant.es.Les cours collectifs [&hellip;]<\/p>\n","protected":false},"author":1,"featured_media":0,"parent":0,"menu_order":0,"comment_status":"closed","ping_status":"closed","template":"","meta":{"_crdt_document":"","footnotes":""},"class_list":["post-2991","page","type-page","status-publish","hentry"],"_links":{"self":[{"href":"https:\/\/anantayoga.fr\/index.php\/wp-json\/wp\/v2\/pages\/2991","targetHints":{"allow":["GET"]}}],"collection":[{"href":"https:\/\/anantayoga.fr\/index.php\/wp-json\/wp\/v2\/pages"}],"about":[{"href":"https:\/\/anantayoga.fr\/index.php\/wp-json\/wp\/v2\/types\/page"}],"author":[{"embeddable":true,"href":"https:\/\/anantayoga.fr\/index.php\/wp-json\/wp\/v2\/users\/1"}],"replies":[{"embeddable":true,"href":"https:\/\/anantayoga.fr\/index.php\/wp-json\/wp\/v2\/comments?post=2991"}],"version-history":[{"count":8,"href":"https:\/\/anantayoga.fr\/index.php\/wp-json\/wp\/v2\/pages\/2991\/revisions"}],"predecessor-version":[{"id":3466,"href":"https:\/\/anantayoga.fr\/index.php\/wp-json\/wp\/v2\/pages\/2991\/revisions\/3466"}],"wp:attachment":[{"href":"https:\/\/anantayoga.fr\/index.php\/wp-json\/wp\/v2\/media?parent=2991"}],"curies":[{"name":"wp","href":"https:\/\/api.w.org\/{rel}","templated":true}]}}