{"id":28,"date":"2016-09-09T15:29:55","date_gmt":"2016-09-09T14:29:55","guid":{"rendered":"http:\/\/anantayoga.fr\/?page_id=28"},"modified":"2026-01-14T16:13:36","modified_gmt":"2026-01-14T14:13:36","slug":"lieux","status":"publish","type":"page","link":"https:\/\/anantayoga.fr\/index.php\/les-cours\/lieux\/","title":{"rendered":"cours collectifs"},"content":{"rendered":"\n<p class=\"wp-block-paragraph\">Cours collectifs de yoga sur Auch. <\/p>\n\n\n\n<p class=\"wp-block-paragraph\">Si vous ne pouvez pas vous rendre en salle, ou souhaitez combiner avec des cours en visio, trouvez <a rel=\"noreferrer noopener\" href=\"https:\/\/anantayoga.fr\/index.php\/online\/les-cours-en-ligne\/\" target=\"_blank\">ici une proposition des cours en ligne<\/a>.  <\/p>\n\n\n\n<p class=\"wp-block-paragraph\">Les cours en salle ont lieu au 3, impasse de l\u2019\u00c9galit\u00e9 32000 Auch &#8211; stationnement devant le cimeti\u00e8re ou sur la rue de l\u2019\u00c9galit\u00e9. <br><br>Veuillez lire les <a href=\"https:\/\/anantayoga.fr\/index.php\/cgv-et-reglement-interieur\/\" target=\"_blank\" rel=\"noreferrer noopener\">CGV et R\u00e8glement Int\u00e9rieur<\/a><\/p>\n\n\n\n<hr class=\"wp-block-separator has-css-opacity\"\/>\n\n\n<div class=\"wp-block-image\">\n<figure class=\"aligncenter size-full\"><img loading=\"lazy\" decoding=\"async\" width=\"1080\" height=\"1080\" src=\"https:\/\/anantayoga.fr\/wp-content\/uploads\/2025\/09\/horaires-1.png\" alt=\"horaires ananta yoga\" class=\"wp-image-3502\" srcset=\"https:\/\/anantayoga.fr\/wp-content\/uploads\/2025\/09\/horaires-1.png 1080w, https:\/\/anantayoga.fr\/wp-content\/uploads\/2025\/09\/horaires-1-300x300.png 300w, https:\/\/anantayoga.fr\/wp-content\/uploads\/2025\/09\/horaires-1-1024x1024.png 1024w, https:\/\/anantayoga.fr\/wp-content\/uploads\/2025\/09\/horaires-1-150x150.png 150w\" sizes=\"auto, (max-width: 1080px) 100vw, 1080px\" \/><\/figure>\n<\/div>\n\n\n<p class=\"wp-block-paragraph\">Si vous vous demandez \u00e0 quoi correspondent les diff\u00e9rents cours, <a href=\"https:\/\/anantayoga.fr\/index.php\/les-cours\/\">c&rsquo;est par ici<\/a>.<\/p>\n\n\n\n<p class=\"wp-block-paragraph\">Les cours ont repris le 5 janvier. Pas de cours du 23 au 27 f\u00e9vrier inclus.<\/p>\n\n\n\n<hr class=\"wp-block-separator has-css-opacity\"\/>\n\n\n\n<p class=\"wp-block-paragraph\">Venez en tenue souple et avec votre tapis, ainsi&nbsp;qu&rsquo;une petite couverture. (j&rsquo;ai quelques tapis&nbsp;\u00e0 dispo pour le cours d&rsquo;essai)<\/p>\n\n\n\n<p class=\"wp-block-paragraph\">Inscription pr\u00e9alable obligatoire par t\u00e9l\u00e9phone au 06.47.51.43.61 avant de venir pour la premi\u00e8re fois!<\/p>\n\n\n\n<p class=\"wp-block-paragraph\">Vous avez des amis, un espace ad\u00e9quat et l&rsquo;envie de d\u00e9couvrir ou d&rsquo;approfondir votre pratique? Nous pouvons mettre en place un cours selon vos disponibilit\u00e9s. <a href=\"http:\/\/anantayoga.fr\/index.php\/contact\/\">Contactez-moi<\/a> sans h\u00e9sitation.<\/p>\n\n\n\n<p class=\"wp-block-paragraph\">A tr\u00e8s vite!!!<\/p>\n","protected":false},"excerpt":{"rendered":"<p>Cours collectifs de yoga sur Auch. Si vous ne pouvez pas vous rendre en salle, ou souhaitez combiner avec des cours en visio, trouvez ici une proposition des cours en ligne. Les cours en salle ont lieu au 3, impasse de l\u2019\u00c9galit\u00e9 32000 Auch &#8211; stationnement devant le cimeti\u00e8re ou sur la rue de l\u2019\u00c9galit\u00e9. [&hellip;]<\/p>\n","protected":false},"author":1,"featured_media":665,"parent":26,"menu_order":0,"comment_status":"closed","ping_status":"closed","template":"","meta":{"_crdt_document":"","footnotes":""},"class_list":["post-28","page","type-page","status-publish","has-post-thumbnail","hentry"],"_links":{"self":[{"href":"https:\/\/anantayoga.fr\/index.php\/wp-json\/wp\/v2\/pages\/28","targetHints":{"allow":["GET"]}}],"collection":[{"href":"https:\/\/anantayoga.fr\/index.php\/wp-json\/wp\/v2\/pages"}],"about":[{"href":"https:\/\/anantayoga.fr\/index.php\/wp-json\/wp\/v2\/types\/page"}],"author":[{"embeddable":true,"href":"https:\/\/anantayoga.fr\/index.php\/wp-json\/wp\/v2\/users\/1"}],"replies":[{"embeddable":true,"href":"https:\/\/anantayoga.fr\/index.php\/wp-json\/wp\/v2\/comments?post=28"}],"version-history":[{"count":107,"href":"https:\/\/anantayoga.fr\/index.php\/wp-json\/wp\/v2\/pages\/28\/revisions"}],"predecessor-version":[{"id":3574,"href":"https:\/\/anantayoga.fr\/index.php\/wp-json\/wp\/v2\/pages\/28\/revisions\/3574"}],"up":[{"embeddable":true,"href":"https:\/\/anantayoga.fr\/index.php\/wp-json\/wp\/v2\/pages\/26"}],"wp:featuredmedia":[{"embeddable":true,"href":"https:\/\/anantayoga.fr\/index.php\/wp-json\/wp\/v2\/media\/665"}],"wp:attachment":[{"href":"https:\/\/anantayoga.fr\/index.php\/wp-json\/wp\/v2\/media?parent=28"}],"curies":[{"name":"wp","href":"https:\/\/api.w.org\/{rel}","templated":true}]}}