{"id":26,"date":"2016-09-09T15:26:20","date_gmt":"2016-09-09T14:26:20","guid":{"rendered":"http:\/\/anantayoga.fr\/?page_id=26"},"modified":"2024-08-30T14:53:43","modified_gmt":"2024-08-30T12:53:43","slug":"les-cours","status":"publish","type":"page","link":"https:\/\/anantayoga.fr\/index.php\/les-cours\/","title":{"rendered":"les cours"},"content":{"rendered":"<div class=\"wp-block-image\">\n<figure class=\"aligncenter\"><img loading=\"lazy\" decoding=\"async\" width=\"300\" height=\"200\" src=\"http:\/\/anantayoga.fr\/wp-content\/uploads\/2018\/08\/vs02062018134_5_2-WEB-300x200.jpg\" alt=\"\" class=\"wp-image-703\" srcset=\"https:\/\/anantayoga.fr\/wp-content\/uploads\/2018\/08\/vs02062018134_5_2-WEB-300x200.jpg 300w, https:\/\/anantayoga.fr\/wp-content\/uploads\/2018\/08\/vs02062018134_5_2-WEB-768x512.jpg 768w, https:\/\/anantayoga.fr\/wp-content\/uploads\/2018\/08\/vs02062018134_5_2-WEB-1024x683.jpg 1024w, https:\/\/anantayoga.fr\/wp-content\/uploads\/2018\/08\/vs02062018134_5_2-WEB-900x600.jpg 900w, https:\/\/anantayoga.fr\/wp-content\/uploads\/2018\/08\/vs02062018134_5_2-WEB-1280x853.jpg 1280w, https:\/\/anantayoga.fr\/wp-content\/uploads\/2018\/08\/vs02062018134_5_2-WEB.jpg 1500w\" sizes=\"auto, (max-width: 300px) 100vw, 300px\" \/><\/figure>\n<\/div>\n\n\n<p class=\"wp-block-paragraph\">Je vous propose des cours de <a href=\"http:\/\/anantayoga.fr\/index.php\/les-cours\/lieux\/\">Hatha yoga, yoga Nidra, Yoga pr\u00e9natal et postnatal m\u00e9thode De Gasquet<\/a> \u00e0 Auch et dans le Gers. Accessibles \u00e0 tous\u00b7tes*, dans le respect de chacun\u00b7e dans une ambiance conviviale.<\/p>\n\n\n\n<h4 class=\"wp-block-heading\">Hatha Yoga :<\/h4>\n\n\n\n<p class=\"wp-block-paragraph\">Les cours de Hatha Yoga sont des cours de yoga traditionnel, respectant l&rsquo;enseignement que j&rsquo;ai re\u00e7u. On commence toujours par un temps de centrage, avec des exercices de respiration (pranayama) puis d&rsquo;\u00e9chauffements incluant souvent les salutations au soleil, puis des postures qu&rsquo;on tient, et on finit par une courte relaxation.<br>La diff\u00e9rence entre \u00ab\u00a0tous niveaux\u00a0\u00bb et \u00ab\u00a0interm\u00e9diaire\u00a0\u00bb, r\u00e9side notamment dans les explications des postures et des exercices, qui sont plus d\u00e9taill\u00e9es dans les cours tous niveaux. Les d\u00e9butants se sentiront plus \u00e0 l&rsquo;aise dans un cours tous niveaux.<\/p>\n\n\n\n<h4 class=\"wp-block-heading\">Yoga Nidra<\/h4>\n\n\n\n<p class=\"wp-block-paragraph\">Ce cours est ax\u00e9 sur la puissante technique du Yoga Nidr\u0101, ou sommeil conscient. Le cours commence par des \u00e9chauffements et \u00e9tirements, pour poursuivre avec une s\u00e9ance qui se fait allong\u00e9\u00b7e pendant 30 minutes o\u00f9 je vous guide pour une relaxation profonde et durable. <a href=\"https:\/\/anantayoga.fr\/index.php\/2019\/01\/08\/yoga-nidra\/\">En savoir plus.<\/a><\/p>\n\n\n\n<h4 class=\"wp-block-heading\">Hatha Flow Dynamique<\/h4>\n\n\n\n<p class=\"wp-block-paragraph\">Ce cours est inspir\u00e9 du Vinyasa Yoga, o\u00f9 les postures s&rsquo;encha\u00eenent de fa\u00e7on plus rapide, toujours avec une attention port\u00e9e au souffle et \u00e0 la qualit\u00e9 d&rsquo;attention. Le cours est ponctu\u00e9 d&rsquo;une s\u00e9rie de postures issue de la salutation au soleil, entre des postures. C&rsquo;est un cours qui n\u00e9cessite une bonne condition physique et de pr\u00e9f\u00e9rence une connaissance pr\u00e9alable des postures classiques du Hatha Yoga.<\/p>\n\n\n\n<h4 class=\"wp-block-heading\">Yoga Doux<\/h4>\n\n\n\n<p class=\"wp-block-paragraph\">Cette proposition tr\u00e8s accessible s&rsquo;adresse \u00e0 des personnes souhaitant pratiquer de fa\u00e7on r\u00e9guli\u00e8re sur leur mobilit\u00e9, de fa\u00e7on douce et pos\u00e9e. Si vous avez un doute, n&rsquo;h\u00e9sitez pas \u00e0 me contacter.<\/p>\n\n\n\n<h4 class=\"wp-block-heading\">Yoga Pr\u00e9 et Postnatal<\/h4>\n\n\n\n<p class=\"wp-block-paragraph\">Je vous propose des cours de la m\u00e9thode De Gasquet adapt\u00e9s \u00e0 la grossesse et au post-partum. <a href=\"https:\/\/anantayoga.fr\/index.php\/les-cours\/yoga-pre-et-post-natal\/\">En savoir plus<\/a>.<\/p>\n\n\n\n<hr class=\"wp-block-separator has-alpha-channel-opacity\"\/>\n\n\n\n<p class=\"wp-block-paragraph\">Vous pouvez choisir de venir \u00e0 un cours collectif ou d&rsquo;opter pour un cours individuel. Il existe aussi une offre de <a href=\"https:\/\/anantayoga.fr\/index.php\/online\/les-cours-en-ligne\/\" target=\"_blank\" rel=\"noreferrer noopener\">cours en ligne et en vid\u00e9o.<\/a> <\/p>\n\n\n\n<p class=\"wp-block-paragraph\">Pensez aussi au yoga en entreprise, via votre CE ou en accord avec vos coll\u00e8gues.<\/p>\n\n\n\n<p class=\"wp-block-paragraph\">En fin, n&rsquo;h\u00e9sitez pas <a href=\"https:\/\/anantayoga.fr\/index.php\/contact\/\" target=\"_blank\" rel=\"noreferrer noopener\">\u00e0 me contacter<\/a> pour toute demande particuli\u00e8re.<\/p>\n\n\n\n<p class=\"wp-block-paragraph\">*sauf avis contraire m\u00e9dical<\/p>\n","protected":false},"excerpt":{"rendered":"<p>Je vous propose des cours de Hatha yoga, yoga Nidra, Yoga pr\u00e9natal et postnatal m\u00e9thode De Gasquet \u00e0 Auch et dans le Gers. Accessibles \u00e0 tous\u00b7tes*, dans le respect de chacun\u00b7e dans une ambiance conviviale. Hatha Yoga : Les cours de Hatha Yoga sont des cours de yoga traditionnel, respectant l&rsquo;enseignement que j&rsquo;ai re\u00e7u. On [&hellip;]<\/p>\n","protected":false},"author":1,"featured_media":665,"parent":0,"menu_order":1,"comment_status":"closed","ping_status":"closed","template":"","meta":{"_crdt_document":"","footnotes":""},"class_list":["post-26","page","type-page","status-publish","has-post-thumbnail","hentry"],"_links":{"self":[{"href":"https:\/\/anantayoga.fr\/index.php\/wp-json\/wp\/v2\/pages\/26","targetHints":{"allow":["GET"]}}],"collection":[{"href":"https:\/\/anantayoga.fr\/index.php\/wp-json\/wp\/v2\/pages"}],"about":[{"href":"https:\/\/anantayoga.fr\/index.php\/wp-json\/wp\/v2\/types\/page"}],"author":[{"embeddable":true,"href":"https:\/\/anantayoga.fr\/index.php\/wp-json\/wp\/v2\/users\/1"}],"replies":[{"embeddable":true,"href":"https:\/\/anantayoga.fr\/index.php\/wp-json\/wp\/v2\/comments?post=26"}],"version-history":[{"count":15,"href":"https:\/\/anantayoga.fr\/index.php\/wp-json\/wp\/v2\/pages\/26\/revisions"}],"predecessor-version":[{"id":3260,"href":"https:\/\/anantayoga.fr\/index.php\/wp-json\/wp\/v2\/pages\/26\/revisions\/3260"}],"wp:featuredmedia":[{"embeddable":true,"href":"https:\/\/anantayoga.fr\/index.php\/wp-json\/wp\/v2\/media\/665"}],"wp:attachment":[{"href":"https:\/\/anantayoga.fr\/index.php\/wp-json\/wp\/v2\/media?parent=26"}],"curies":[{"name":"wp","href":"https:\/\/api.w.org\/{rel}","templated":true}]}}