{"id":2116,"date":"2020-12-02T14:33:21","date_gmt":"2020-12-02T12:33:21","guid":{"rendered":"https:\/\/anantayoga.fr\/?page_id=2116"},"modified":"2025-07-04T18:06:44","modified_gmt":"2025-07-04T16:06:44","slug":"online","status":"publish","type":"page","link":"https:\/\/anantayoga.fr\/index.php\/online\/","title":{"rendered":"online"},"content":{"rendered":"\n<figure class=\"wp-block-image size-large\"><img loading=\"lazy\" decoding=\"async\" width=\"1024\" height=\"1024\" src=\"https:\/\/anantayoga.fr\/wp-content\/uploads\/2020\/12\/9815F63E-B7C2-4484-A3D2-45EE4FB46299-1024x1024.jpg\" alt=\"\" class=\"wp-image-2119\" srcset=\"https:\/\/anantayoga.fr\/wp-content\/uploads\/2020\/12\/9815F63E-B7C2-4484-A3D2-45EE4FB46299-1024x1024.jpg 1024w, https:\/\/anantayoga.fr\/wp-content\/uploads\/2020\/12\/9815F63E-B7C2-4484-A3D2-45EE4FB46299-300x300.jpg 300w, https:\/\/anantayoga.fr\/wp-content\/uploads\/2020\/12\/9815F63E-B7C2-4484-A3D2-45EE4FB46299-150x150.jpg 150w, https:\/\/anantayoga.fr\/wp-content\/uploads\/2020\/12\/9815F63E-B7C2-4484-A3D2-45EE4FB46299-768x768.jpg 768w, https:\/\/anantayoga.fr\/wp-content\/uploads\/2020\/12\/9815F63E-B7C2-4484-A3D2-45EE4FB46299-1536x1536.jpg 1536w, https:\/\/anantayoga.fr\/wp-content\/uploads\/2020\/12\/9815F63E-B7C2-4484-A3D2-45EE4FB46299-2048x2048.jpg 2048w, https:\/\/anantayoga.fr\/wp-content\/uploads\/2020\/12\/9815F63E-B7C2-4484-A3D2-45EE4FB46299-88x88.jpg 88w, https:\/\/anantayoga.fr\/wp-content\/uploads\/2020\/12\/9815F63E-B7C2-4484-A3D2-45EE4FB46299-900x900.jpg 900w, https:\/\/anantayoga.fr\/wp-content\/uploads\/2020\/12\/9815F63E-B7C2-4484-A3D2-45EE4FB46299-1280x1280.jpg 1280w\" sizes=\"auto, (max-width: 1024px) 100vw, 1024px\" \/><\/figure>\n\n\n\n<p class=\"has-white-background-color has-background wp-block-paragraph\">Nos pratiques ont \u00e9volu\u00e9 et, depuis mars 2020 j&rsquo;ai d\u00e9velopp\u00e9 une offre de cours en ligne. <br><br>Vous pourrez retrouver ici :<br><br>un <a href=\"https:\/\/anantayogaauch.systeme.io\/presentation-estival-2025\" target=\"_blank\" rel=\"noreferrer noopener\">pack vid\u00e9o pour l&rsquo;\u00e9t\u00e9 2025<\/a> avec des pratiques exclusives<br><br><a href=\"https:\/\/anantayoga.fr\/index.php\/online\/les-cours-en-ligne\/\">l&rsquo;offre des cours collectifs en vid\u00e9o<\/a><br><br><a href=\"https:\/\/anantayoga.fr\/index.php\/online\/ateliers-en-ligne\/\">les ateliers exclusifs en ligne<\/a><br><br><br><\/p>\n","protected":false},"excerpt":{"rendered":"<p>Nos pratiques ont \u00e9volu\u00e9 et, depuis mars 2020 j&rsquo;ai d\u00e9velopp\u00e9 une offre de cours en ligne. Vous pourrez retrouver ici : un pack vid\u00e9o pour l&rsquo;\u00e9t\u00e9 2025 avec des pratiques exclusives l&rsquo;offre des cours collectifs en vid\u00e9o les ateliers exclusifs en ligne<\/p>\n","protected":false},"author":1,"featured_media":652,"parent":0,"menu_order":4,"comment_status":"closed","ping_status":"closed","template":"","meta":{"_crdt_document":"","footnotes":""},"class_list":["post-2116","page","type-page","status-publish","has-post-thumbnail","hentry"],"_links":{"self":[{"href":"https:\/\/anantayoga.fr\/index.php\/wp-json\/wp\/v2\/pages\/2116","targetHints":{"allow":["GET"]}}],"collection":[{"href":"https:\/\/anantayoga.fr\/index.php\/wp-json\/wp\/v2\/pages"}],"about":[{"href":"https:\/\/anantayoga.fr\/index.php\/wp-json\/wp\/v2\/types\/page"}],"author":[{"embeddable":true,"href":"https:\/\/anantayoga.fr\/index.php\/wp-json\/wp\/v2\/users\/1"}],"replies":[{"embeddable":true,"href":"https:\/\/anantayoga.fr\/index.php\/wp-json\/wp\/v2\/comments?post=2116"}],"version-history":[{"count":10,"href":"https:\/\/anantayoga.fr\/index.php\/wp-json\/wp\/v2\/pages\/2116\/revisions"}],"predecessor-version":[{"id":3469,"href":"https:\/\/anantayoga.fr\/index.php\/wp-json\/wp\/v2\/pages\/2116\/revisions\/3469"}],"wp:featuredmedia":[{"embeddable":true,"href":"https:\/\/anantayoga.fr\/index.php\/wp-json\/wp\/v2\/media\/652"}],"wp:attachment":[{"href":"https:\/\/anantayoga.fr\/index.php\/wp-json\/wp\/v2\/media?parent=2116"}],"curies":[{"name":"wp","href":"https:\/\/api.w.org\/{rel}","templated":true}]}}